{"id":364,"date":"2025-01-21T10:15:59","date_gmt":"2025-01-21T09:15:59","guid":{"rendered":"https:\/\/restaurantcocci.fr\/?page_id=364"},"modified":"2025-02-27T17:09:01","modified_gmt":"2025-02-27T16:09:01","slug":"evenements","status":"publish","type":"page","link":"https:\/\/restaurantcocci.fr\/en\/evenements\/","title":{"rendered":"Events"},"content":{"rendered":"<div data-elementor-type=\"wp-page\" data-elementor-id=\"364\" class=\"elementor elementor-364\" data-elementor-post-type=\"page\">\n\t\t\t\t<div class=\"elementor-element elementor-element-26bab225 e-flex e-con-boxed e-con e-parent\" data-id=\"26bab225\" data-element_type=\"container\" data-e-type=\"container\" data-settings=\"{&quot;background_background&quot;:&quot;classic&quot;}\">\n\t\t\t\t\t<div class=\"e-con-inner\">\n\t\t\t\t<div class=\"elementor-element elementor-element-c28009b e-transform elementor-widget elementor-widget-image\" data-id=\"c28009b\" data-element_type=\"widget\" data-e-type=\"widget\" data-settings=\"{&quot;_transform_translateY_effect&quot;:{&quot;unit&quot;:&quot;px&quot;,&quot;size&quot;:140,&quot;sizes&quot;:[]},&quot;_transform_translateY_effect_tablet&quot;:{&quot;unit&quot;:&quot;px&quot;,&quot;size&quot;:110,&quot;sizes&quot;:[]},&quot;_transform_translateY_effect_mobile&quot;:{&quot;unit&quot;:&quot;px&quot;,&quot;size&quot;:70,&quot;sizes&quot;:[]},&quot;_transform_translateX_effect&quot;:{&quot;unit&quot;:&quot;px&quot;,&quot;size&quot;:&quot;&quot;,&quot;sizes&quot;:[]},&quot;_transform_translateX_effect_tablet&quot;:{&quot;unit&quot;:&quot;px&quot;,&quot;size&quot;:&quot;&quot;,&quot;sizes&quot;:[]},&quot;_transform_translateX_effect_mobile&quot;:{&quot;unit&quot;:&quot;px&quot;,&quot;size&quot;:&quot;&quot;,&quot;sizes&quot;:[]}}\" data-widget_type=\"image.default\">\n\t\t\t\t<div class=\"elementor-widget-container\">\n\t\t\t\t\t\t\t\t\t\t\t\t\t\t\t<img fetchpriority=\"high\" decoding=\"async\" width=\"800\" height=\"800\" src=\"https:\/\/restaurantcocci.fr\/wp-content\/uploads\/2025\/02\/logo-cocci-1024x1024.png\" class=\"attachment-large size-large wp-image-535\" alt=\"\" srcset=\"https:\/\/restaurantcocci.fr\/wp-content\/uploads\/2025\/02\/logo-cocci-1024x1024.png 1024w, https:\/\/restaurantcocci.fr\/wp-content\/uploads\/2025\/02\/logo-cocci-300x300.png 300w, https:\/\/restaurantcocci.fr\/wp-content\/uploads\/2025\/02\/logo-cocci-150x150.png 150w, https:\/\/restaurantcocci.fr\/wp-content\/uploads\/2025\/02\/logo-cocci-768x768.png 768w, https:\/\/restaurantcocci.fr\/wp-content\/uploads\/2025\/02\/logo-cocci-1536x1536.png 1536w, https:\/\/restaurantcocci.fr\/wp-content\/uploads\/2025\/02\/logo-cocci.png 2000w\" sizes=\"(max-width: 800px) 100vw, 800px\" \/>\t\t\t\t\t\t\t\t\t\t\t\t\t\t\t<\/div>\n\t\t\t\t<\/div>\n\t\t\t\t\t<\/div>\n\t\t\t\t<\/div>\n\t\t<div class=\"elementor-element elementor-element-ededce2 e-flex e-con-boxed e-con e-parent\" data-id=\"ededce2\" data-element_type=\"container\" data-e-type=\"container\" data-settings=\"{&quot;background_background&quot;:&quot;classic&quot;}\">\n\t\t\t\t\t<div class=\"e-con-inner\">\n\t\t<div class=\"elementor-element elementor-element-8b61baa e-con-full animated-fast e-flex elementor-invisible e-con e-child\" data-id=\"8b61baa\" data-element_type=\"container\" data-e-type=\"container\" data-settings=\"{&quot;background_background&quot;:&quot;classic&quot;,&quot;animation&quot;:&quot;slideInUp&quot;}\">\n\t\t\t\t<div class=\"elementor-element elementor-element-31c5924 elementor-view-default elementor-widget elementor-widget-icon\" data-id=\"31c5924\" data-element_type=\"widget\" data-e-type=\"widget\" data-widget_type=\"icon.default\">\n\t\t\t\t<div class=\"elementor-widget-container\">\n\t\t\t\t\t\t\t<div class=\"elementor-icon-wrapper\">\n\t\t\t<div class=\"elementor-icon\">\n\t\t\t<svg aria-hidden=\"true\" class=\"e-font-icon-svg e-fas-user-friends\" viewbox=\"0 0 640 512\" xmlns=\"http:\/\/www.w3.org\/2000\/svg\"><path d=\"M192 256c61.9 0 112-50.1 112-112S253.9 32 192 32 80 82.1 80 144s50.1 112 112 112zm76.8 32h-8.3c-20.8 10-43.9 16-68.5 16s-47.6-6-68.5-16h-8.3C51.6 288 0 339.6 0 403.2V432c0 26.5 21.5 48 48 48h288c26.5 0 48-21.5 48-48v-28.8c0-63.6-51.6-115.2-115.2-115.2zM480 256c53 0 96-43 96-96s-43-96-96-96-96 43-96 96 43 96 96 96zm48 32h-3.8c-13.9 4.8-28.6 8-44.2 8s-30.3-3.2-44.2-8H432c-20.4 0-39.2 5.9-55.7 15.4 24.4 26.3 39.7 61.2 39.7 99.8v38.4c0 2.2-.5 4.3-.6 6.4H592c26.5 0 48-21.5 48-48 0-61.9-50.1-112-112-112z\"><\/path><\/svg>\t\t\t<\/div>\n\t\t<\/div>\n\t\t\t\t\t\t<\/div>\n\t\t\t\t<\/div>\n\t\t\t\t<div class=\"elementor-element elementor-element-f4377a5 elementor-widget elementor-widget-heading\" data-id=\"f4377a5\" data-element_type=\"widget\" data-e-type=\"widget\" data-widget_type=\"heading.default\">\n\t\t\t\t<div class=\"elementor-widget-container\">\n\t\t\t\t\t<h2 class=\"elementor-heading-title elementor-size-default\">Events<\/h2>\t\t\t\t<\/div>\n\t\t\t\t<\/div>\n\t\t\t\t<\/div>\n\t\t<div class=\"elementor-element elementor-element-26c4122 e-con-full e-flex elementor-invisible e-con e-child\" data-id=\"26c4122\" data-element_type=\"container\" data-e-type=\"container\" data-settings=\"{&quot;background_background&quot;:&quot;classic&quot;,&quot;animation&quot;:&quot;slideInUp&quot;}\">\n\t\t\t\t<div class=\"elementor-element elementor-element-c5d322b elementor-view-default elementor-widget elementor-widget-icon\" data-id=\"c5d322b\" data-element_type=\"widget\" data-e-type=\"widget\" data-widget_type=\"icon.default\">\n\t\t\t\t<div class=\"elementor-widget-container\">\n\t\t\t\t\t\t\t<div class=\"elementor-icon-wrapper\">\n\t\t\t<div class=\"elementor-icon\">\n\t\t\t<svg aria-hidden=\"true\" class=\"e-font-icon-svg e-fas-cocktail\" viewbox=\"0 0 576 512\" xmlns=\"http:\/\/www.w3.org\/2000\/svg\"><path d=\"M296 464h-56V338.78l168.74-168.73c15.52-15.52 4.53-42.05-17.42-42.05H24.68c-21.95 0-32.94 26.53-17.42 42.05L176 338.78V464h-56c-22.09 0-40 17.91-40 40 0 4.42 3.58 8 8 8h240c4.42 0 8-3.58 8-8 0-22.09-17.91-40-40-40zM432 0c-62.61 0-115.35 40.2-135.18 96h52.54c16.65-28.55 47.27-48 82.64-48 52.93 0 96 43.06 96 96s-43.07 96-96 96c-14.04 0-27.29-3.2-39.32-8.64l-35.26 35.26C379.23 279.92 404.59 288 432 288c79.53 0 144-64.47 144-144S511.53 0 432 0z\"><\/path><\/svg>\t\t\t<\/div>\n\t\t<\/div>\n\t\t\t\t\t\t<\/div>\n\t\t\t\t<\/div>\n\t\t\t\t<div class=\"elementor-element elementor-element-ee23e7e elementor-widget elementor-widget-heading\" data-id=\"ee23e7e\" data-element_type=\"widget\" data-e-type=\"widget\" data-widget_type=\"heading.default\">\n\t\t\t\t<div class=\"elementor-widget-container\">\n\t\t\t\t\t<h2 class=\"elementor-heading-title elementor-size-default\">Cocktails<\/h2>\t\t\t\t<\/div>\n\t\t\t\t<\/div>\n\t\t\t\t<\/div>\n\t\t<div class=\"elementor-element elementor-element-6fcb3eb e-con-full animated-slow e-flex elementor-invisible e-con e-child\" data-id=\"6fcb3eb\" data-element_type=\"container\" data-e-type=\"container\" data-settings=\"{&quot;background_background&quot;:&quot;classic&quot;,&quot;animation&quot;:&quot;slideInUp&quot;}\">\n\t\t\t\t<div class=\"elementor-element elementor-element-920cf55 elementor-view-default elementor-widget elementor-widget-icon\" data-id=\"920cf55\" data-element_type=\"widget\" data-e-type=\"widget\" data-widget_type=\"icon.default\">\n\t\t\t\t<div class=\"elementor-widget-container\">\n\t\t\t\t\t\t\t<div class=\"elementor-icon-wrapper\">\n\t\t\t<div class=\"elementor-icon\">\n\t\t\t<svg aria-hidden=\"true\" class=\"e-font-icon-svg e-fas-birthday-cake\" viewbox=\"0 0 448 512\" xmlns=\"http:\/\/www.w3.org\/2000\/svg\"><path d=\"M448 384c-28.02 0-31.26-32-74.5-32-43.43 0-46.825 32-74.75 32-27.695 0-31.454-32-74.75-32-42.842 0-47.218 32-74.5 32-28.148 0-31.202-32-74.75-32-43.547 0-46.653 32-74.75 32v-80c0-26.5 21.5-48 48-48h16V112h64v144h64V112h64v144h64V112h64v144h16c26.5 0 48 21.5 48 48v80zm0 128H0v-96c43.356 0 46.767-32 74.75-32 27.951 0 31.253 32 74.75 32 42.843 0 47.217-32 74.5-32 28.148 0 31.201 32 74.75 32 43.357 0 46.767-32 74.75-32 27.488 0 31.252 32 74.5 32v96zM96 96c-17.75 0-32-14.25-32-32 0-31 32-23 32-64 12 0 32 29.5 32 56s-14.25 40-32 40zm128 0c-17.75 0-32-14.25-32-32 0-31 32-23 32-64 12 0 32 29.5 32 56s-14.25 40-32 40zm128 0c-17.75 0-32-14.25-32-32 0-31 32-23 32-64 12 0 32 29.5 32 56s-14.25 40-32 40z\"><\/path><\/svg>\t\t\t<\/div>\n\t\t<\/div>\n\t\t\t\t\t\t<\/div>\n\t\t\t\t<\/div>\n\t\t\t\t<div class=\"elementor-element elementor-element-09f59c1 elementor-widget elementor-widget-heading\" data-id=\"09f59c1\" data-element_type=\"widget\" data-e-type=\"widget\" data-widget_type=\"heading.default\">\n\t\t\t\t<div class=\"elementor-widget-container\">\n\t\t\t\t\t<h2 class=\"elementor-heading-title elementor-size-default\">Private Hire<\/h2>\t\t\t\t<\/div>\n\t\t\t\t<\/div>\n\t\t\t\t<\/div>\n\t\t\t\t\t<\/div>\n\t\t\t\t<\/div>\n\t\t<div class=\"elementor-element elementor-element-4a9f723f e-flex e-con-boxed e-con e-parent\" data-id=\"4a9f723f\" data-element_type=\"container\" data-e-type=\"container\" data-settings=\"{&quot;background_background&quot;:&quot;classic&quot;}\">\n\t\t\t\t\t<div class=\"e-con-inner\">\n\t\t<div class=\"elementor-element elementor-element-05e04fc e-con-full e-flex e-con e-child\" data-id=\"05e04fc\" data-element_type=\"container\" data-e-type=\"container\" data-settings=\"{&quot;background_background&quot;:&quot;classic&quot;}\">\n\t\t\t\t<div class=\"elementor-element elementor-element-2b34bd2 elementor-widget elementor-widget-heading\" data-id=\"2b34bd2\" data-element_type=\"widget\" data-e-type=\"widget\" data-widget_type=\"heading.default\">\n\t\t\t\t<div class=\"elementor-widget-container\">\n\t\t\t\t\t<h2 class=\"elementor-heading-title elementor-size-default\">EVENTS<\/h2>\t\t\t\t<\/div>\n\t\t\t\t<\/div>\n\t\t\t\t<div class=\"elementor-element elementor-element-312465a1 elementor-invisible elementor-widget elementor-widget-heading\" data-id=\"312465a1\" data-element_type=\"widget\" data-e-type=\"widget\" data-settings=\"{&quot;_animation&quot;:&quot;zoomIn&quot;}\" data-widget_type=\"heading.default\">\n\t\t\t\t<div class=\"elementor-widget-container\">\n\t\t\t\t\t<h2 class=\"elementor-heading-title elementor-size-default\">An exceptional venue for your events<\/h2>\t\t\t\t<\/div>\n\t\t\t\t<\/div>\n\t\t\t\t<div class=\"elementor-element elementor-element-8f9c016 animated-slow elementor-invisible elementor-widget elementor-widget-text-editor\" data-id=\"8f9c016\" data-element_type=\"widget\" data-e-type=\"widget\" data-settings=\"{&quot;_animation&quot;:&quot;slideInUp&quot;}\" data-widget_type=\"text-editor.default\">\n\t\t\t\t<div class=\"elementor-widget-container\">\n\t\t\t\t\t\t\t\t\t<p>Whether it\u2019s a dinner with friends, a celebration, or a private event, our restaurant welcomes you in a unique and inviting setting.<br \/><br \/>For groups of 8 or more, a specially crafted menu will be offered for a flavorful and convivial experience.<br \/><br \/>Looking for an exclusive moment? Our restaurant can be privatized upon request !<br \/><br \/>Contact our sales team to organize your event !<\/p>\t\t\t\t\t\t\t\t<\/div>\n\t\t\t\t<\/div>\n\t\t\t\t<div class=\"elementor-element elementor-element-8316d13 elementor-align-center animated-slow elementor-mobile-align-center elementor-invisible elementor-widget elementor-widget-button\" data-id=\"8316d13\" data-element_type=\"widget\" data-e-type=\"widget\" data-settings=\"{&quot;_animation&quot;:&quot;slideInUp&quot;}\" data-widget_type=\"button.default\">\n\t\t\t\t<div class=\"elementor-widget-container\">\n\t\t\t\t\t\t\t\t\t<div class=\"elementor-button-wrapper\">\n\t\t\t\t\t<a class=\"elementor-button elementor-button-link elementor-size-md\" href=\"mailto:commercial@ljhco.fr\">\n\t\t\t\t\t\t<span class=\"elementor-button-content-wrapper\">\n\t\t\t\t\t\t\t\t\t<span class=\"elementor-button-text\">Contact Us<\/span>\n\t\t\t\t\t<\/span>\n\t\t\t\t\t<\/a>\n\t\t\t\t<\/div>\n\t\t\t\t\t\t\t\t<\/div>\n\t\t\t\t<\/div>\n\t\t\t\t<\/div>\n\t\t\t\t\t<\/div>\n\t\t\t\t<\/div>\n\t\t\t\t<\/div>","protected":false},"excerpt":{"rendered":"<p>\u00c9v\u00e9nements Cocktails Privatisation \u00c9V\u00c9NEMENTS Un lieu d\u2019exception pour vos \u00e9v\u00e9nements Que ce soit pour un d\u00eener entre amis, une c\u00e9l\u00e9bration ou un \u00e9v\u00e9nement priv\u00e9, notre restaurant vous accueille dans un cadre unique et chaleureux. A partir de 8 personnes, un menu vous sera propos\u00e9 pour une exp\u00e9rience savoureuse et conviviale. Envie d\u2019un moment privil\u00e9gi\u00e9\u00a0? Notre [&hellip;]<\/p>\n","protected":false},"author":1,"featured_media":0,"parent":0,"menu_order":6,"comment_status":"closed","ping_status":"closed","template":"","meta":{"footnotes":""},"class_list":["post-364","page","type-page","status-publish","hentry"],"yoast_head":"<!-- This site is optimized with the Yoast SEO plugin v27.6 - https:\/\/yoast.com\/product\/yoast-seo-wordpress\/ -->\n<title>COCCI | \u00c9v\u00e9nements<\/title>\n<meta name=\"description\" content=\"Le meilleur de l&#039;Italie en plein centre ville de B\u00e9ziers sur la place Jean Jaur\u00e8s. Ouvert du mercredi soir au dimanche midi.\" \/>\n<meta name=\"robots\" content=\"index, follow, max-snippet:-1, max-image-preview:large, max-video-preview:-1\" \/>\n<link rel=\"canonical\" href=\"https:\/\/restaurantcocci.fr\/en\/evenements\/\" \/>\n<meta property=\"og:locale\" content=\"en_GB\" \/>\n<meta property=\"og:type\" content=\"article\" \/>\n<meta property=\"og:title\" content=\"COCCI | \u00c9v\u00e9nements\" \/>\n<meta property=\"og:description\" content=\"Le meilleur de l&#039;Italie en plein centre ville de B\u00e9ziers sur la place Jean Jaur\u00e8s. Ouvert du mercredi soir au dimanche midi.\" \/>\n<meta property=\"og:url\" content=\"https:\/\/restaurantcocci.fr\/en\/evenements\/\" \/>\n<meta property=\"og:site_name\" content=\"COCCI\" \/>\n<meta property=\"article:publisher\" content=\"https:\/\/www.facebook.com\/profile.php?id=61565854948800\" \/>\n<meta property=\"article:modified_time\" content=\"2025-02-27T16:09:01+00:00\" \/>\n<meta property=\"og:image\" content=\"https:\/\/restaurantcocci.fr\/wp-content\/uploads\/2025\/02\/logo-cocci.png\" \/>\n\t<meta property=\"og:image:width\" content=\"2000\" \/>\n\t<meta property=\"og:image:height\" content=\"2000\" \/>\n\t<meta property=\"og:image:type\" content=\"image\/png\" \/>\n<meta name=\"twitter:card\" content=\"summary_large_image\" \/>\n<meta name=\"twitter:label1\" content=\"Estimated reading time\" \/>\n\t<meta name=\"twitter:data1\" content=\"1 minute\" \/>\n<script type=\"application\/ld+json\" class=\"yoast-schema-graph\">{\"@context\":\"https:\\\/\\\/schema.org\",\"@graph\":[{\"@type\":\"WebPage\",\"@id\":\"https:\\\/\\\/restaurantcocci.fr\\\/evenements\\\/\",\"url\":\"https:\\\/\\\/restaurantcocci.fr\\\/evenements\\\/\",\"name\":\"COCCI | \u00c9v\u00e9nements\",\"isPartOf\":{\"@id\":\"https:\\\/\\\/restaurantcocci.fr\\\/#website\"},\"primaryImageOfPage\":{\"@id\":\"https:\\\/\\\/restaurantcocci.fr\\\/evenements\\\/#primaryimage\"},\"image\":{\"@id\":\"https:\\\/\\\/restaurantcocci.fr\\\/evenements\\\/#primaryimage\"},\"thumbnailUrl\":\"https:\\\/\\\/restaurantcocci.fr\\\/wp-content\\\/uploads\\\/2025\\\/02\\\/logo-cocci-1024x1024.png\",\"datePublished\":\"2025-01-21T09:15:59+00:00\",\"dateModified\":\"2025-02-27T16:09:01+00:00\",\"description\":\"Le meilleur de l'Italie en plein centre ville de B\u00e9ziers sur la place Jean Jaur\u00e8s. Ouvert du mercredi soir au dimanche midi.\",\"breadcrumb\":{\"@id\":\"https:\\\/\\\/restaurantcocci.fr\\\/evenements\\\/#breadcrumb\"},\"inLanguage\":\"en-GB\",\"potentialAction\":[{\"@type\":\"ReadAction\",\"target\":[\"https:\\\/\\\/restaurantcocci.fr\\\/evenements\\\/\"]}]},{\"@type\":\"ImageObject\",\"inLanguage\":\"en-GB\",\"@id\":\"https:\\\/\\\/restaurantcocci.fr\\\/evenements\\\/#primaryimage\",\"url\":\"https:\\\/\\\/restaurantcocci.fr\\\/wp-content\\\/uploads\\\/2025\\\/02\\\/logo-cocci-1024x1024.png\",\"contentUrl\":\"https:\\\/\\\/restaurantcocci.fr\\\/wp-content\\\/uploads\\\/2025\\\/02\\\/logo-cocci-1024x1024.png\"},{\"@type\":\"BreadcrumbList\",\"@id\":\"https:\\\/\\\/restaurantcocci.fr\\\/evenements\\\/#breadcrumb\",\"itemListElement\":[{\"@type\":\"ListItem\",\"position\":1,\"name\":\"Accueil\",\"item\":\"https:\\\/\\\/restaurantcocci.fr\\\/\"},{\"@type\":\"ListItem\",\"position\":2,\"name\":\"\u00c9v\u00e9nements\"}]},{\"@type\":\"WebSite\",\"@id\":\"https:\\\/\\\/restaurantcocci.fr\\\/#website\",\"url\":\"https:\\\/\\\/restaurantcocci.fr\\\/\",\"name\":\"COCCI\",\"description\":\"Le meilleur de l&#039;Italie \u00e0 B\u00e9ziers\",\"publisher\":{\"@id\":\"https:\\\/\\\/restaurantcocci.fr\\\/#organization\"},\"alternateName\":\"Cocci\",\"potentialAction\":[{\"@type\":\"SearchAction\",\"target\":{\"@type\":\"EntryPoint\",\"urlTemplate\":\"https:\\\/\\\/restaurantcocci.fr\\\/?s={search_term_string}\"},\"query-input\":{\"@type\":\"PropertyValueSpecification\",\"valueRequired\":true,\"valueName\":\"search_term_string\"}}],\"inLanguage\":\"en-GB\"},{\"@type\":\"Organization\",\"@id\":\"https:\\\/\\\/restaurantcocci.fr\\\/#organization\",\"name\":\"COCCI\",\"url\":\"https:\\\/\\\/restaurantcocci.fr\\\/\",\"logo\":{\"@type\":\"ImageObject\",\"inLanguage\":\"en-GB\",\"@id\":\"https:\\\/\\\/restaurantcocci.fr\\\/#\\\/schema\\\/logo\\\/image\\\/\",\"url\":\"https:\\\/\\\/restaurantcocci.fr\\\/wp-content\\\/uploads\\\/2024\\\/10\\\/logo-occci_avec-baseline.png\",\"contentUrl\":\"https:\\\/\\\/restaurantcocci.fr\\\/wp-content\\\/uploads\\\/2024\\\/10\\\/logo-occci_avec-baseline.png\",\"width\":1500,\"height\":794,\"caption\":\"COCCI\"},\"image\":{\"@id\":\"https:\\\/\\\/restaurantcocci.fr\\\/#\\\/schema\\\/logo\\\/image\\\/\"},\"sameAs\":[\"https:\\\/\\\/www.facebook.com\\\/profile.php?id=61565854948800\",\"https:\\\/\\\/www.instagram.com\\\/cocci_restaurant\\\/\"]}]}<\/script>\n<!-- \/ Yoast SEO plugin. -->","yoast_head_json":{"title":"COCCI | \u00c9v\u00e9nements","description":"Le meilleur de l'Italie en plein centre ville de B\u00e9ziers sur la place Jean Jaur\u00e8s. Ouvert du mercredi soir au dimanche midi.","robots":{"index":"index","follow":"follow","max-snippet":"max-snippet:-1","max-image-preview":"max-image-preview:large","max-video-preview":"max-video-preview:-1"},"canonical":"https:\/\/restaurantcocci.fr\/en\/evenements\/","og_locale":"en_GB","og_type":"article","og_title":"COCCI | \u00c9v\u00e9nements","og_description":"Le meilleur de l'Italie en plein centre ville de B\u00e9ziers sur la place Jean Jaur\u00e8s. Ouvert du mercredi soir au dimanche midi.","og_url":"https:\/\/restaurantcocci.fr\/en\/evenements\/","og_site_name":"COCCI","article_publisher":"https:\/\/www.facebook.com\/profile.php?id=61565854948800","article_modified_time":"2025-02-27T16:09:01+00:00","og_image":[{"width":2000,"height":2000,"url":"https:\/\/restaurantcocci.fr\/wp-content\/uploads\/2025\/02\/logo-cocci.png","type":"image\/png"}],"twitter_card":"summary_large_image","twitter_misc":{"Estimated reading time":"1 minute"},"schema":{"@context":"https:\/\/schema.org","@graph":[{"@type":"WebPage","@id":"https:\/\/restaurantcocci.fr\/evenements\/","url":"https:\/\/restaurantcocci.fr\/evenements\/","name":"COCCI | \u00c9v\u00e9nements","isPartOf":{"@id":"https:\/\/restaurantcocci.fr\/#website"},"primaryImageOfPage":{"@id":"https:\/\/restaurantcocci.fr\/evenements\/#primaryimage"},"image":{"@id":"https:\/\/restaurantcocci.fr\/evenements\/#primaryimage"},"thumbnailUrl":"https:\/\/restaurantcocci.fr\/wp-content\/uploads\/2025\/02\/logo-cocci-1024x1024.png","datePublished":"2025-01-21T09:15:59+00:00","dateModified":"2025-02-27T16:09:01+00:00","description":"Le meilleur de l'Italie en plein centre ville de B\u00e9ziers sur la place Jean Jaur\u00e8s. Ouvert du mercredi soir au dimanche midi.","breadcrumb":{"@id":"https:\/\/restaurantcocci.fr\/evenements\/#breadcrumb"},"inLanguage":"en-GB","potentialAction":[{"@type":"ReadAction","target":["https:\/\/restaurantcocci.fr\/evenements\/"]}]},{"@type":"ImageObject","inLanguage":"en-GB","@id":"https:\/\/restaurantcocci.fr\/evenements\/#primaryimage","url":"https:\/\/restaurantcocci.fr\/wp-content\/uploads\/2025\/02\/logo-cocci-1024x1024.png","contentUrl":"https:\/\/restaurantcocci.fr\/wp-content\/uploads\/2025\/02\/logo-cocci-1024x1024.png"},{"@type":"BreadcrumbList","@id":"https:\/\/restaurantcocci.fr\/evenements\/#breadcrumb","itemListElement":[{"@type":"ListItem","position":1,"name":"Accueil","item":"https:\/\/restaurantcocci.fr\/"},{"@type":"ListItem","position":2,"name":"\u00c9v\u00e9nements"}]},{"@type":"WebSite","@id":"https:\/\/restaurantcocci.fr\/#website","url":"https:\/\/restaurantcocci.fr\/","name":"COCCI","description":"Le meilleur de l&#039;Italie \u00e0 B\u00e9ziers","publisher":{"@id":"https:\/\/restaurantcocci.fr\/#organization"},"alternateName":"Cocci","potentialAction":[{"@type":"SearchAction","target":{"@type":"EntryPoint","urlTemplate":"https:\/\/restaurantcocci.fr\/?s={search_term_string}"},"query-input":{"@type":"PropertyValueSpecification","valueRequired":true,"valueName":"search_term_string"}}],"inLanguage":"en-GB"},{"@type":"Organization","@id":"https:\/\/restaurantcocci.fr\/#organization","name":"COCCI","url":"https:\/\/restaurantcocci.fr\/","logo":{"@type":"ImageObject","inLanguage":"en-GB","@id":"https:\/\/restaurantcocci.fr\/#\/schema\/logo\/image\/","url":"https:\/\/restaurantcocci.fr\/wp-content\/uploads\/2024\/10\/logo-occci_avec-baseline.png","contentUrl":"https:\/\/restaurantcocci.fr\/wp-content\/uploads\/2024\/10\/logo-occci_avec-baseline.png","width":1500,"height":794,"caption":"COCCI"},"image":{"@id":"https:\/\/restaurantcocci.fr\/#\/schema\/logo\/image\/"},"sameAs":["https:\/\/www.facebook.com\/profile.php?id=61565854948800","https:\/\/www.instagram.com\/cocci_restaurant\/"]}]}},"_links":{"self":[{"href":"https:\/\/restaurantcocci.fr\/en\/wp-json\/wp\/v2\/pages\/364","targetHints":{"allow":["GET"]}}],"collection":[{"href":"https:\/\/restaurantcocci.fr\/en\/wp-json\/wp\/v2\/pages"}],"about":[{"href":"https:\/\/restaurantcocci.fr\/en\/wp-json\/wp\/v2\/types\/page"}],"author":[{"embeddable":true,"href":"https:\/\/restaurantcocci.fr\/en\/wp-json\/wp\/v2\/users\/1"}],"replies":[{"embeddable":true,"href":"https:\/\/restaurantcocci.fr\/en\/wp-json\/wp\/v2\/comments?post=364"}],"version-history":[{"count":43,"href":"https:\/\/restaurantcocci.fr\/en\/wp-json\/wp\/v2\/pages\/364\/revisions"}],"predecessor-version":[{"id":709,"href":"https:\/\/restaurantcocci.fr\/en\/wp-json\/wp\/v2\/pages\/364\/revisions\/709"}],"wp:attachment":[{"href":"https:\/\/restaurantcocci.fr\/en\/wp-json\/wp\/v2\/media?parent=364"}],"curies":[{"name":"wp","href":"https:\/\/api.w.org\/{rel}","templated":true}]}}