{"id":178,"date":"2024-12-19T08:57:05","date_gmt":"2024-12-19T07:57:05","guid":{"rendered":"https:\/\/restaurantcocci.fr\/?page_id=178"},"modified":"2025-03-18T10:58:56","modified_gmt":"2025-03-18T09:58:56","slug":"mentions-legales","status":"publish","type":"page","link":"https:\/\/restaurantcocci.fr\/en\/mentions-legales\/","title":{"rendered":"Legal Notice"},"content":{"rendered":"<div data-elementor-type=\"wp-page\" data-elementor-id=\"178\" class=\"elementor elementor-178\" data-elementor-post-type=\"page\">\n\t\t\t\t<div class=\"elementor-element elementor-element-7b207d1 e-con-full e-flex e-con e-parent\" data-id=\"7b207d1\" data-element_type=\"container\" data-e-type=\"container\">\n\t\t<div class=\"elementor-element elementor-element-ebc5d79 e-con-full e-flex e-con e-child\" data-id=\"ebc5d79\" data-element_type=\"container\" data-e-type=\"container\" data-settings=\"{&quot;background_background&quot;:&quot;classic&quot;}\">\n\t\t\t\t<div class=\"elementor-element elementor-element-742a038 e-transform elementor-widget elementor-widget-image\" data-id=\"742a038\" data-element_type=\"widget\" data-e-type=\"widget\" data-settings=\"{&quot;_transform_translateY_effect&quot;:{&quot;unit&quot;:&quot;px&quot;,&quot;size&quot;:140,&quot;sizes&quot;:[]},&quot;_transform_translateY_effect_tablet&quot;:{&quot;unit&quot;:&quot;px&quot;,&quot;size&quot;:110,&quot;sizes&quot;:[]},&quot;_transform_translateY_effect_mobile&quot;:{&quot;unit&quot;:&quot;px&quot;,&quot;size&quot;:70,&quot;sizes&quot;:[]},&quot;_transform_translateX_effect&quot;:{&quot;unit&quot;:&quot;px&quot;,&quot;size&quot;:&quot;&quot;,&quot;sizes&quot;:[]},&quot;_transform_translateX_effect_tablet&quot;:{&quot;unit&quot;:&quot;px&quot;,&quot;size&quot;:&quot;&quot;,&quot;sizes&quot;:[]},&quot;_transform_translateX_effect_mobile&quot;:{&quot;unit&quot;:&quot;px&quot;,&quot;size&quot;:&quot;&quot;,&quot;sizes&quot;:[]}}\" data-widget_type=\"image.default\">\n\t\t\t\t<div class=\"elementor-widget-container\">\n\t\t\t\t\t\t\t\t\t\t\t\t\t\t\t<img fetchpriority=\"high\" decoding=\"async\" width=\"800\" height=\"800\" src=\"https:\/\/restaurantcocci.fr\/wp-content\/uploads\/2025\/02\/logo-cocci-1024x1024.png\" class=\"attachment-large size-large wp-image-535\" alt=\"\" srcset=\"https:\/\/restaurantcocci.fr\/wp-content\/uploads\/2025\/02\/logo-cocci-1024x1024.png 1024w, https:\/\/restaurantcocci.fr\/wp-content\/uploads\/2025\/02\/logo-cocci-300x300.png 300w, https:\/\/restaurantcocci.fr\/wp-content\/uploads\/2025\/02\/logo-cocci-150x150.png 150w, https:\/\/restaurantcocci.fr\/wp-content\/uploads\/2025\/02\/logo-cocci-768x768.png 768w, https:\/\/restaurantcocci.fr\/wp-content\/uploads\/2025\/02\/logo-cocci-1536x1536.png 1536w, https:\/\/restaurantcocci.fr\/wp-content\/uploads\/2025\/02\/logo-cocci.png 2000w\" sizes=\"(max-width: 800px) 100vw, 800px\" \/>\t\t\t\t\t\t\t\t\t\t\t\t\t\t\t<\/div>\n\t\t\t\t<\/div>\n\t\t\t\t<\/div>\n\t\t\t\t<\/div>\n\t\t<div class=\"elementor-element elementor-element-16851f5 e-flex e-con-boxed e-con e-parent\" data-id=\"16851f5\" data-element_type=\"container\" data-e-type=\"container\">\n\t\t\t\t\t<div class=\"e-con-inner\">\n\t\t\t\t<div class=\"elementor-element elementor-element-3420824 elementor-invisible elementor-widget elementor-widget-heading\" data-id=\"3420824\" data-element_type=\"widget\" data-e-type=\"widget\" data-settings=\"{&quot;_animation&quot;:&quot;zoomIn&quot;}\" data-widget_type=\"heading.default\">\n\t\t\t\t<div class=\"elementor-widget-container\">\n\t\t\t\t\t<h2 class=\"elementor-heading-title elementor-size-default\">Legal Notice<\/h2>\t\t\t\t<\/div>\n\t\t\t\t<\/div>\n\t\t\t\t<div class=\"elementor-element elementor-element-6e9ab89 animated-slow elementor-invisible elementor-widget elementor-widget-text-editor\" data-id=\"6e9ab89\" data-element_type=\"widget\" data-e-type=\"widget\" data-settings=\"{&quot;_animation&quot;:&quot;slideInUp&quot;}\" data-widget_type=\"text-editor.default\">\n\t\t\t\t<div class=\"elementor-widget-container\">\n\t\t\t\t\t\t\t\t\t<div id=\"u10723-71\" class=\"clearfix colelem shared_content\" data-muse-uid=\"U10723\" data-muse-type=\"txt_frame\" data-ibe-flags=\"txtStyleSrc\" data-sizepolicy=\"fluidWidth\" data-pintopage=\"page_fixedCenter\" data-leftadjustmentdoneby=\"pu10723-71\" data-content-guid=\"u10723-71_content\"><p id=\"u10723-10\"><strong>SITE, hereinafter referred to as \"THE SITE\"<\/strong><\/p><p id=\"u10723-15\" class=\"ts-Style-de-lien-par-d-faut--copie\"><a href=\"https:\/\/restaurantcocci.fr\/en\/\">www.restaurantcocci.fr<\/a><\/p><\/div><div id=\"u10723-71\" class=\"clearfix colelem shared_content\" data-muse-uid=\"U10723\" data-muse-type=\"txt_frame\" data-ibe-flags=\"txtStyleSrc\" data-sizepolicy=\"fluidWidth\" data-pintopage=\"page_fixedCenter\" data-leftadjustmentdoneby=\"pu10723-71\" data-content-guid=\"u10723-71_content\"><p id=\"u10723-19\"><strong>SITE PUBLICATION DIRECTOR<\/strong><\/p><p id=\"u10723-22\">Ms. Aur\u00e9lie Nicolas<\/p><p id=\"u10723-27\"><strong>SITE PUBLISHER, hereinafter referred to as \"THE PUBLISHER\"<\/strong><\/p><p id=\"u10723-30\">H2G<br \/>SASU with a capital of \u20ac30,000,<br \/>whose registered office is located in BEZIERS (34500), 15 Henri BRESSON Street, registered with the BEZIERS Trade and Companies Register under the number 529 166 571<\/p><p id=\"u10723-37\" class=\"ts-Style-de-lien-par-d-faut--copie\"><a class=\"nonblock\" href=\"mailto:contact@restaurantcocci.fr\"><span id=\"u10723-35\">contact@restaurantcocci.fr<\/span><\/a><\/p><p id=\"u10723-42\"><strong>DESIGN AND DEVELOPMENT OF THE SITE, hereinafter referred to as \"THE DEVELOPER\"<\/strong><\/p><p id=\"u10723-45\">CREATIVO<br \/>SARL with a capital of \u20ac1,000<br \/>whose registered office is located in BEZIERS (34500), 38 Rue Fran\u00e7aise, registered with the BEZIERS Trade and Companies Register under the number 535 048 508<\/p><p id=\"u10723-52\" class=\"ts-Style-de-lien-par-d-faut--copie\"><a class=\"nonblock\" href=\"mailto:contact@agencecreativo.com\"><span id=\"u10723-50\">contact@agencecreativo.com<\/span><\/a><br \/>Photo credits: Guilhem CHABBERT<\/p><p id=\"u10723-59\"><strong>SITE HOSTING<\/strong><\/p><p id=\"u10723-62\">OVH<br \/>SAS with a capital of \u20ac10,000,000<br \/>APE Code 6202A<br \/>whose registered office is located in ROUBAIX (59100), 2 Rue Kellermann, registered with the ROUBAIX-TOURCOING Trade and Companies Register under the number 424 761 419<\/p><\/div><div id=\"u10724-128\" class=\"clearfix colelem shared_content\" data-muse-uid=\"U10724\" data-muse-type=\"txt_frame\" data-ibe-flags=\"txtStyleSrc\" data-sizepolicy=\"fluidWidth\" data-pintopage=\"page_fixedCenter\" data-leftadjustmentdoneby=\"pu10723-71\" data-content-guid=\"u10724-128_content\"><p id=\"u10724-2\"><strong>ARTICLE 1 \u2013 CONTENT OF THE SITE<\/strong><\/p><p id=\"u10724-5\">All trademarks, photographs, texts, comments, illustrations, both animated and non-animated images, video sequences, sounds, as well as all computer applications that may be used to operate this Site and, more generally, all elements reproduced or used on the Site are protected by intellectual property laws. They are the full and exclusive property of the Publisher or its partners.<\/p><p id=\"u10724-8\">Any reproduction, representation, use, or adaptation, in any form whatsoever, of all or part of these elements, including computer applications, without the prior written consent of the Publisher, is strictly prohibited. The Publisher\u2019s failure to take legal action upon becoming aware of such unauthorized uses does not constitute acceptance of these uses or a waiver of the right to take legal action.<\/p><p id=\"u10724-13\"><strong>ARTICLE 2 \u2013 SITE MANAGEMENT<\/strong><\/p><p id=\"u10724-16\">For the proper management of the site, the Publisher may at any time :<\/p><ul><li id=\"u10724-19\">\u00a0Suspend, interrupt, or limit access to all or part of the Site, restrict access to the Site, or certain sections of the Site, to a specific category of users;<\/li><li id=\"u10724-22\">Remove any information that could disrupt its operation or violate national or international laws;<\/li><li id=\"u10724-25\">Suspend the Site in order to perform updates.<\/li><\/ul><p id=\"u10724-30\"><strong>ARTICLE 3 \u2013 RESPONSIBILITIES<\/strong><\/p><p id=\"u10724-33\">The Publisher's responsibility cannot be held liable in the event of failure, breakdown, difficulty, or interruption of operation preventing access to the Site or any of its features.<\/p><p id=\"u10724-36\">The equipment you use to connect to the Site is entirely your responsibility. You must take all appropriate measures to protect your equipment and your own data, particularly from viral attacks via the Internet. Furthermore, you are solely responsible for the sites and data you consult.<\/p><p id=\"u10724-39\">The Publisher cannot be held responsible in the event of legal proceedings against you :<\/p><ul><li id=\"u10724-42\">due to the use of the Site or any service accessible via the Internet;<\/li><li id=\"u10724-45\">due to your failure to comply with these terms of use.<\/li><\/ul><p id=\"u10724-48\">The Publisher is not responsible for any damage caused to yourself, third parties, and\/or your equipment as a result of your connection to or use of the Site, and you waive any action against the Publisher on this basis.<\/p><p id=\"u10724-53\"><strong>ARTICLE 4 \u2013 HYPERTEXT LINKS<\/strong><\/p><p id=\"u10724-56\">The Developer and the Publisher of the Site disclaim any responsibility for any information made accessible from the Site via a link of any kind, as such information is not under their control.<\/p><p id=\"u10724-59\">The establishment of any hypertext links by you to all or part of the Site is strictly prohibited, unless prior written consent is obtained from the Publisher.<\/p><p id=\"u10724-62\">The Publisher is free to refuse this authorization without having to justify its decision in any way. In the event the Publisher grants authorization, it is always temporary and may be revoked at any time, without the obligation to provide justification.<\/p><p id=\"u10724-65\">In all cases, any link must be removed upon the Publisher's simple request.<\/p><p id=\"u10724-70\"><strong>ARTICLE 5 \u2013 DATA COLLECTION<\/strong><\/p><p id=\"u10724-73\">You can browse the Site anonymously without providing any personal information.<\/p><p id=\"u10724-75\">The information you provide is solely intended for the Publisher and will never be used for any purpose other than the one for which you provided it.<\/p><p id=\"u10724-78\">In accordance with applicable regulations regarding the protection of personal data, notably Law No. 78-17 of January 6, 2018, Law No. 2018-493 of June 20, 2018, and Regulation (EU) 2016\/679 of the European Parliament and Council of April 27, 2016, regarding the protection of individuals with regard to the processing of personal data and the free movement of such data, users of this site have the right to access, rectify, update, and delete their personal data. They also have the right to object to the processing of their personal data and, under certain conditions, the right to data portability.<\/p><p id=\"u10724-80\">Users also have the right to give directives regarding the fate of their data after their death.<\/p><p id=\"u10724-83\">You can exercise these rights at any time with the Publisher, either by postal mail, by email at: contact@pica-pica.fr, or by mail to the Publisher's addresses mentioned in Article 1 of these terms of use.<\/p><p id=\"u10724-86\">For security reasons and to prevent any fraudulent requests, this request must be accompanied by a proof of identity. After processing the request, this proof will be destroyed.<\/p><p id=\"u10724-89\"><strong>5.1 IDENTITY OF THE DATA CONTROLLER (AND CONTACT DETAILS OF ITS REPRESENTATIVE)<\/strong><\/p><p id=\"u10724-92\">The Cocci restaurant is committed to protecting the personal data of users of this site and respecting their privacy.<\/p><p id=\"u10724-94\">When data is processed as a result of using this site, the data controller is the company H2G, 2 boulevard Bertrand Duguesclin, 34500 B\u00e9ziers.<\/p><p id=\"u10724-97\"><strong>5.2 SECURITY OF PERSONAL DATA<\/strong><\/p><p id=\"u10724-100\">The Publisher works to ensure the security of personal data transmitted to them, notably by implementing reasonable technical and organizational measures, including securing workstations and training all personnel with access to personal data.<\/p><p id=\"u10724-103\"><strong>5.3 USE OF THE SITE BY CHILDREN<\/strong><\/p><p id=\"u10724-106\">Minors under the age of 18 are not supposed to use the site, and as a result, the Publisher is not required to collect their personal data.<\/p><p id=\"u10724-109\"><strong>5.4 CROSS-BORDER TRANSFER OF PERSONAL DATA<\/strong><\/p><p id=\"u10724-112\">The personal data of users of this site will not be transferred outside of the European Union.<\/p><p id=\"u10724-115\"><strong>5.5 PROCESSING OF SENSITIVE DATA<\/strong><\/p><p id=\"u10724-118\">The Publisher does not collect any sensitive data, defined as data related to racial or ethnic origin, political, philosophical, or religious opinions, or union membership, or data related to the health or sexual life of individuals.<\/p><\/div>\t\t\t\t\t\t\t\t<\/div>\n\t\t\t\t<\/div>\n\t\t\t\t\t<\/div>\n\t\t\t\t<\/div>\n\t\t\t\t<\/div>","protected":false},"excerpt":{"rendered":"<p>Mentions l\u00e9gales SITE,\u00a0CI-APR\u00c8S \u00ab\u00a0LE SITE\u00a0\u00bb www.restaurantcocci.fr DIRECTEUR DE PUBLICATION DU SITE Madame Aur\u00e9lie Nicolas EDITEUR DU SITE, CI-APR\u00c8S \u00ab\u00a0L\u2019EDITEUR\u00a0\u00bb H2GSASU au capital de 30.000 euros,dont le si\u00e8ge social est \u00e0 BEZIERS (34500), rue Henri BRESSON n\u00b015, immatricul\u00e9e au RCS de BEZIERS sous le num\u00e9ro 529 166 571 contact@restaurantcocci.fr CONCEPTION ET R\u00c9ALISATION DU SITE, CI-APR\u00c8S \u00ab\u00a0LE [&hellip;]<\/p>\n","protected":false},"author":1,"featured_media":0,"parent":0,"menu_order":9,"comment_status":"closed","ping_status":"closed","template":"","meta":{"footnotes":""},"class_list":["post-178","page","type-page","status-publish","hentry"],"yoast_head":"<!-- This site is optimized with the Yoast SEO plugin v27.6 - https:\/\/yoast.com\/product\/yoast-seo-wordpress\/ -->\n<title>COCCI | Mentions l\u00e9gales<\/title>\n<meta name=\"description\" content=\"Le meilleur de l&#039;Italie en plein centre ville de B\u00e9ziers sur la place Jean Jaur\u00e8s. Ouvert du mercredi soir au dimanche midi.\" \/>\n<meta name=\"robots\" content=\"index, follow, max-snippet:-1, max-image-preview:large, max-video-preview:-1\" \/>\n<link rel=\"canonical\" href=\"https:\/\/restaurantcocci.fr\/en\/mentions-legales\/\" \/>\n<meta property=\"og:locale\" content=\"en_GB\" \/>\n<meta property=\"og:type\" content=\"article\" \/>\n<meta property=\"og:title\" content=\"COCCI | Mentions l\u00e9gales\" \/>\n<meta property=\"og:description\" content=\"Le meilleur de l&#039;Italie en plein centre ville de B\u00e9ziers sur la place Jean Jaur\u00e8s. Ouvert du mercredi soir au dimanche midi.\" \/>\n<meta property=\"og:url\" content=\"https:\/\/restaurantcocci.fr\/en\/mentions-legales\/\" \/>\n<meta property=\"og:site_name\" content=\"COCCI\" \/>\n<meta property=\"article:publisher\" content=\"https:\/\/www.facebook.com\/profile.php?id=61565854948800\" \/>\n<meta property=\"article:modified_time\" content=\"2025-03-18T09:58:56+00:00\" \/>\n<meta property=\"og:image\" content=\"https:\/\/restaurantcocci.fr\/wp-content\/uploads\/2025\/02\/logo-cocci-1024x1024.png\" \/>\n<meta name=\"twitter:card\" content=\"summary_large_image\" \/>\n<meta name=\"twitter:label1\" content=\"Estimated reading time\" \/>\n\t<meta name=\"twitter:data1\" content=\"6 minutes\" \/>\n<script type=\"application\/ld+json\" class=\"yoast-schema-graph\">{\"@context\":\"https:\\\/\\\/schema.org\",\"@graph\":[{\"@type\":\"WebPage\",\"@id\":\"https:\\\/\\\/restaurantcocci.fr\\\/mentions-legales\\\/\",\"url\":\"https:\\\/\\\/restaurantcocci.fr\\\/mentions-legales\\\/\",\"name\":\"COCCI | Mentions l\u00e9gales\",\"isPartOf\":{\"@id\":\"https:\\\/\\\/restaurantcocci.fr\\\/#website\"},\"primaryImageOfPage\":{\"@id\":\"https:\\\/\\\/restaurantcocci.fr\\\/mentions-legales\\\/#primaryimage\"},\"image\":{\"@id\":\"https:\\\/\\\/restaurantcocci.fr\\\/mentions-legales\\\/#primaryimage\"},\"thumbnailUrl\":\"https:\\\/\\\/restaurantcocci.fr\\\/wp-content\\\/uploads\\\/2025\\\/02\\\/logo-cocci-1024x1024.png\",\"datePublished\":\"2024-12-19T07:57:05+00:00\",\"dateModified\":\"2025-03-18T09:58:56+00:00\",\"description\":\"Le meilleur de l'Italie en plein centre ville de B\u00e9ziers sur la place Jean Jaur\u00e8s. Ouvert du mercredi soir au dimanche midi.\",\"breadcrumb\":{\"@id\":\"https:\\\/\\\/restaurantcocci.fr\\\/mentions-legales\\\/#breadcrumb\"},\"inLanguage\":\"en-GB\",\"potentialAction\":[{\"@type\":\"ReadAction\",\"target\":[\"https:\\\/\\\/restaurantcocci.fr\\\/mentions-legales\\\/\"]}]},{\"@type\":\"ImageObject\",\"inLanguage\":\"en-GB\",\"@id\":\"https:\\\/\\\/restaurantcocci.fr\\\/mentions-legales\\\/#primaryimage\",\"url\":\"https:\\\/\\\/restaurantcocci.fr\\\/wp-content\\\/uploads\\\/2025\\\/02\\\/logo-cocci-1024x1024.png\",\"contentUrl\":\"https:\\\/\\\/restaurantcocci.fr\\\/wp-content\\\/uploads\\\/2025\\\/02\\\/logo-cocci-1024x1024.png\"},{\"@type\":\"BreadcrumbList\",\"@id\":\"https:\\\/\\\/restaurantcocci.fr\\\/mentions-legales\\\/#breadcrumb\",\"itemListElement\":[{\"@type\":\"ListItem\",\"position\":1,\"name\":\"Accueil\",\"item\":\"https:\\\/\\\/restaurantcocci.fr\\\/\"},{\"@type\":\"ListItem\",\"position\":2,\"name\":\"Mentions l\u00e9gales\"}]},{\"@type\":\"WebSite\",\"@id\":\"https:\\\/\\\/restaurantcocci.fr\\\/#website\",\"url\":\"https:\\\/\\\/restaurantcocci.fr\\\/\",\"name\":\"COCCI\",\"description\":\"Le meilleur de l&#039;Italie \u00e0 B\u00e9ziers\",\"publisher\":{\"@id\":\"https:\\\/\\\/restaurantcocci.fr\\\/#organization\"},\"alternateName\":\"Cocci\",\"potentialAction\":[{\"@type\":\"SearchAction\",\"target\":{\"@type\":\"EntryPoint\",\"urlTemplate\":\"https:\\\/\\\/restaurantcocci.fr\\\/?s={search_term_string}\"},\"query-input\":{\"@type\":\"PropertyValueSpecification\",\"valueRequired\":true,\"valueName\":\"search_term_string\"}}],\"inLanguage\":\"en-GB\"},{\"@type\":\"Organization\",\"@id\":\"https:\\\/\\\/restaurantcocci.fr\\\/#organization\",\"name\":\"COCCI\",\"url\":\"https:\\\/\\\/restaurantcocci.fr\\\/\",\"logo\":{\"@type\":\"ImageObject\",\"inLanguage\":\"en-GB\",\"@id\":\"https:\\\/\\\/restaurantcocci.fr\\\/#\\\/schema\\\/logo\\\/image\\\/\",\"url\":\"https:\\\/\\\/restaurantcocci.fr\\\/wp-content\\\/uploads\\\/2024\\\/10\\\/logo-occci_avec-baseline.png\",\"contentUrl\":\"https:\\\/\\\/restaurantcocci.fr\\\/wp-content\\\/uploads\\\/2024\\\/10\\\/logo-occci_avec-baseline.png\",\"width\":1500,\"height\":794,\"caption\":\"COCCI\"},\"image\":{\"@id\":\"https:\\\/\\\/restaurantcocci.fr\\\/#\\\/schema\\\/logo\\\/image\\\/\"},\"sameAs\":[\"https:\\\/\\\/www.facebook.com\\\/profile.php?id=61565854948800\",\"https:\\\/\\\/www.instagram.com\\\/cocci_restaurant\\\/\"]}]}<\/script>\n<!-- \/ Yoast SEO plugin. -->","yoast_head_json":{"title":"COCCI | Mentions l\u00e9gales","description":"Le meilleur de l'Italie en plein centre ville de B\u00e9ziers sur la place Jean Jaur\u00e8s. Ouvert du mercredi soir au dimanche midi.","robots":{"index":"index","follow":"follow","max-snippet":"max-snippet:-1","max-image-preview":"max-image-preview:large","max-video-preview":"max-video-preview:-1"},"canonical":"https:\/\/restaurantcocci.fr\/en\/mentions-legales\/","og_locale":"en_GB","og_type":"article","og_title":"COCCI | Mentions l\u00e9gales","og_description":"Le meilleur de l'Italie en plein centre ville de B\u00e9ziers sur la place Jean Jaur\u00e8s. Ouvert du mercredi soir au dimanche midi.","og_url":"https:\/\/restaurantcocci.fr\/en\/mentions-legales\/","og_site_name":"COCCI","article_publisher":"https:\/\/www.facebook.com\/profile.php?id=61565854948800","article_modified_time":"2025-03-18T09:58:56+00:00","og_image":[{"url":"https:\/\/restaurantcocci.fr\/wp-content\/uploads\/2025\/02\/logo-cocci-1024x1024.png","type":"","width":"","height":""}],"twitter_card":"summary_large_image","twitter_misc":{"Estimated reading time":"6 minutes"},"schema":{"@context":"https:\/\/schema.org","@graph":[{"@type":"WebPage","@id":"https:\/\/restaurantcocci.fr\/mentions-legales\/","url":"https:\/\/restaurantcocci.fr\/mentions-legales\/","name":"COCCI | Mentions l\u00e9gales","isPartOf":{"@id":"https:\/\/restaurantcocci.fr\/#website"},"primaryImageOfPage":{"@id":"https:\/\/restaurantcocci.fr\/mentions-legales\/#primaryimage"},"image":{"@id":"https:\/\/restaurantcocci.fr\/mentions-legales\/#primaryimage"},"thumbnailUrl":"https:\/\/restaurantcocci.fr\/wp-content\/uploads\/2025\/02\/logo-cocci-1024x1024.png","datePublished":"2024-12-19T07:57:05+00:00","dateModified":"2025-03-18T09:58:56+00:00","description":"Le meilleur de l'Italie en plein centre ville de B\u00e9ziers sur la place Jean Jaur\u00e8s. Ouvert du mercredi soir au dimanche midi.","breadcrumb":{"@id":"https:\/\/restaurantcocci.fr\/mentions-legales\/#breadcrumb"},"inLanguage":"en-GB","potentialAction":[{"@type":"ReadAction","target":["https:\/\/restaurantcocci.fr\/mentions-legales\/"]}]},{"@type":"ImageObject","inLanguage":"en-GB","@id":"https:\/\/restaurantcocci.fr\/mentions-legales\/#primaryimage","url":"https:\/\/restaurantcocci.fr\/wp-content\/uploads\/2025\/02\/logo-cocci-1024x1024.png","contentUrl":"https:\/\/restaurantcocci.fr\/wp-content\/uploads\/2025\/02\/logo-cocci-1024x1024.png"},{"@type":"BreadcrumbList","@id":"https:\/\/restaurantcocci.fr\/mentions-legales\/#breadcrumb","itemListElement":[{"@type":"ListItem","position":1,"name":"Accueil","item":"https:\/\/restaurantcocci.fr\/"},{"@type":"ListItem","position":2,"name":"Mentions l\u00e9gales"}]},{"@type":"WebSite","@id":"https:\/\/restaurantcocci.fr\/#website","url":"https:\/\/restaurantcocci.fr\/","name":"COCCI","description":"Le meilleur de l&#039;Italie \u00e0 B\u00e9ziers","publisher":{"@id":"https:\/\/restaurantcocci.fr\/#organization"},"alternateName":"Cocci","potentialAction":[{"@type":"SearchAction","target":{"@type":"EntryPoint","urlTemplate":"https:\/\/restaurantcocci.fr\/?s={search_term_string}"},"query-input":{"@type":"PropertyValueSpecification","valueRequired":true,"valueName":"search_term_string"}}],"inLanguage":"en-GB"},{"@type":"Organization","@id":"https:\/\/restaurantcocci.fr\/#organization","name":"COCCI","url":"https:\/\/restaurantcocci.fr\/","logo":{"@type":"ImageObject","inLanguage":"en-GB","@id":"https:\/\/restaurantcocci.fr\/#\/schema\/logo\/image\/","url":"https:\/\/restaurantcocci.fr\/wp-content\/uploads\/2024\/10\/logo-occci_avec-baseline.png","contentUrl":"https:\/\/restaurantcocci.fr\/wp-content\/uploads\/2024\/10\/logo-occci_avec-baseline.png","width":1500,"height":794,"caption":"COCCI"},"image":{"@id":"https:\/\/restaurantcocci.fr\/#\/schema\/logo\/image\/"},"sameAs":["https:\/\/www.facebook.com\/profile.php?id=61565854948800","https:\/\/www.instagram.com\/cocci_restaurant\/"]}]}},"_links":{"self":[{"href":"https:\/\/restaurantcocci.fr\/en\/wp-json\/wp\/v2\/pages\/178","targetHints":{"allow":["GET"]}}],"collection":[{"href":"https:\/\/restaurantcocci.fr\/en\/wp-json\/wp\/v2\/pages"}],"about":[{"href":"https:\/\/restaurantcocci.fr\/en\/wp-json\/wp\/v2\/types\/page"}],"author":[{"embeddable":true,"href":"https:\/\/restaurantcocci.fr\/en\/wp-json\/wp\/v2\/users\/1"}],"replies":[{"embeddable":true,"href":"https:\/\/restaurantcocci.fr\/en\/wp-json\/wp\/v2\/comments?post=178"}],"version-history":[{"count":13,"href":"https:\/\/restaurantcocci.fr\/en\/wp-json\/wp\/v2\/pages\/178\/revisions"}],"predecessor-version":[{"id":773,"href":"https:\/\/restaurantcocci.fr\/en\/wp-json\/wp\/v2\/pages\/178\/revisions\/773"}],"wp:attachment":[{"href":"https:\/\/restaurantcocci.fr\/en\/wp-json\/wp\/v2\/media?parent=178"}],"curies":[{"name":"wp","href":"https:\/\/api.w.org\/{rel}","templated":true}]}}