{"id":170,"date":"2024-12-19T08:55:02","date_gmt":"2024-12-19T07:55:02","guid":{"rendered":"https:\/\/restaurantcocci.fr\/?page_id=170"},"modified":"2025-02-27T17:12:57","modified_gmt":"2025-02-27T16:12:57","slug":"reservation","status":"publish","type":"page","link":"https:\/\/restaurantcocci.fr\/en\/reservation\/","title":{"rendered":"Reservation"},"content":{"rendered":"<div data-elementor-type=\"wp-page\" data-elementor-id=\"170\" class=\"elementor elementor-170\" data-elementor-post-type=\"page\">\n\t\t\t\t<div class=\"elementor-element elementor-element-1374380c e-flex e-con-boxed e-con e-parent\" data-id=\"1374380c\" data-element_type=\"container\" data-e-type=\"container\" data-settings=\"{&quot;background_background&quot;:&quot;classic&quot;}\">\n\t\t\t\t\t<div class=\"e-con-inner\">\n\t\t\t\t<div class=\"elementor-element elementor-element-25fd9bd e-transform elementor-widget elementor-widget-image\" data-id=\"25fd9bd\" data-element_type=\"widget\" data-e-type=\"widget\" data-settings=\"{&quot;_transform_translateY_effect&quot;:{&quot;unit&quot;:&quot;px&quot;,&quot;size&quot;:140,&quot;sizes&quot;:[]},&quot;_transform_translateY_effect_tablet&quot;:{&quot;unit&quot;:&quot;px&quot;,&quot;size&quot;:110,&quot;sizes&quot;:[]},&quot;_transform_translateY_effect_mobile&quot;:{&quot;unit&quot;:&quot;px&quot;,&quot;size&quot;:70,&quot;sizes&quot;:[]},&quot;_transform_translateX_effect&quot;:{&quot;unit&quot;:&quot;px&quot;,&quot;size&quot;:&quot;&quot;,&quot;sizes&quot;:[]},&quot;_transform_translateX_effect_tablet&quot;:{&quot;unit&quot;:&quot;px&quot;,&quot;size&quot;:&quot;&quot;,&quot;sizes&quot;:[]},&quot;_transform_translateX_effect_mobile&quot;:{&quot;unit&quot;:&quot;px&quot;,&quot;size&quot;:&quot;&quot;,&quot;sizes&quot;:[]}}\" data-widget_type=\"image.default\">\n\t\t\t\t<div class=\"elementor-widget-container\">\n\t\t\t\t\t\t\t\t\t\t\t\t\t\t\t<img fetchpriority=\"high\" decoding=\"async\" width=\"800\" height=\"800\" src=\"https:\/\/restaurantcocci.fr\/wp-content\/uploads\/2025\/02\/logo-cocci-1024x1024.png\" class=\"attachment-large size-large wp-image-535\" alt=\"\" srcset=\"https:\/\/restaurantcocci.fr\/wp-content\/uploads\/2025\/02\/logo-cocci-1024x1024.png 1024w, https:\/\/restaurantcocci.fr\/wp-content\/uploads\/2025\/02\/logo-cocci-300x300.png 300w, https:\/\/restaurantcocci.fr\/wp-content\/uploads\/2025\/02\/logo-cocci-150x150.png 150w, https:\/\/restaurantcocci.fr\/wp-content\/uploads\/2025\/02\/logo-cocci-768x768.png 768w, https:\/\/restaurantcocci.fr\/wp-content\/uploads\/2025\/02\/logo-cocci-1536x1536.png 1536w, https:\/\/restaurantcocci.fr\/wp-content\/uploads\/2025\/02\/logo-cocci.png 2000w\" sizes=\"(max-width: 800px) 100vw, 800px\" \/>\t\t\t\t\t\t\t\t\t\t\t\t\t\t\t<\/div>\n\t\t\t\t<\/div>\n\t\t\t\t\t<\/div>\n\t\t\t\t<\/div>\n\t\t<div class=\"elementor-element elementor-element-6fca01a e-flex e-con-boxed e-con e-parent\" data-id=\"6fca01a\" data-element_type=\"container\" data-e-type=\"container\">\n\t\t\t\t\t<div class=\"e-con-inner\">\n\t\t\t\t<div class=\"elementor-element elementor-element-15d8384e animated-slow elementor-invisible elementor-widget elementor-widget-heading\" data-id=\"15d8384e\" data-element_type=\"widget\" data-e-type=\"widget\" data-settings=\"{&quot;_animation&quot;:&quot;zoomIn&quot;}\" data-widget_type=\"heading.default\">\n\t\t\t\t<div class=\"elementor-widget-container\">\n\t\t\t\t\t<h1 class=\"elementor-heading-title elementor-size-default\">Reservation<\/h1>\t\t\t\t<\/div>\n\t\t\t\t<\/div>\n\t\t\t\t<div class=\"elementor-element elementor-element-91f7e9e elementor-widget elementor-widget-html\" data-id=\"91f7e9e\" data-element_type=\"widget\" data-e-type=\"widget\" data-widget_type=\"html.default\">\n\t\t\t\t<div class=\"elementor-widget-container\">\n\t\t\t\t\t<iframe src='https:\/\/bookings.zenchef.com\/results?rid=370044&fullscreen=1' frameborder='0' scrolling='yes' width='100%' height='630' style='display: block; margin: 0 auto; max-width: 600px; height:630px;'><\/iframe>\t\t\t\t<\/div>\n\t\t\t\t<\/div>\n\t\t\t\t\t<\/div>\n\t\t\t\t<\/div>\n\t\t\t\t<\/div>","protected":false},"excerpt":{"rendered":"<p>Reservation<\/p>","protected":false},"author":1,"featured_media":0,"parent":0,"menu_order":8,"comment_status":"closed","ping_status":"closed","template":"","meta":{"footnotes":""},"class_list":["post-170","page","type-page","status-publish","hentry"],"yoast_head":"<!-- This site is optimized with the Yoast SEO plugin v27.6 - https:\/\/yoast.com\/product\/yoast-seo-wordpress\/ -->\n<title>COCCI | R\u00e9servation<\/title>\n<meta name=\"description\" content=\"Le meilleur de l&#039;Italie en plein centre ville de B\u00e9ziers sur la place Jean Jaur\u00e8s. Ouvert du mercredi soir au dimanche midi.\" \/>\n<meta name=\"robots\" content=\"index, follow, max-snippet:-1, max-image-preview:large, max-video-preview:-1\" \/>\n<link rel=\"canonical\" href=\"https:\/\/restaurantcocci.fr\/en\/reservation\/\" \/>\n<meta property=\"og:locale\" content=\"en_GB\" \/>\n<meta property=\"og:type\" content=\"article\" \/>\n<meta property=\"og:title\" content=\"COCCI | R\u00e9servation\" \/>\n<meta property=\"og:description\" content=\"Le meilleur de l&#039;Italie en plein centre ville de B\u00e9ziers sur la place Jean Jaur\u00e8s. Ouvert du mercredi soir au dimanche midi.\" \/>\n<meta property=\"og:url\" content=\"https:\/\/restaurantcocci.fr\/en\/reservation\/\" \/>\n<meta property=\"og:site_name\" content=\"COCCI\" \/>\n<meta property=\"article:publisher\" content=\"https:\/\/www.facebook.com\/profile.php?id=61565854948800\" \/>\n<meta property=\"article:modified_time\" content=\"2025-02-27T16:12:57+00:00\" \/>\n<meta property=\"og:image\" content=\"https:\/\/restaurantcocci.fr\/wp-content\/uploads\/2025\/02\/logo-cocci-1024x1024.png\" \/>\n<meta name=\"twitter:card\" content=\"summary_large_image\" \/>\n<meta name=\"twitter:label1\" content=\"Estimated reading time\" \/>\n\t<meta name=\"twitter:data1\" content=\"1 minute\" \/>\n<script type=\"application\/ld+json\" class=\"yoast-schema-graph\">{\"@context\":\"https:\\\/\\\/schema.org\",\"@graph\":[{\"@type\":\"WebPage\",\"@id\":\"https:\\\/\\\/restaurantcocci.fr\\\/reservation\\\/\",\"url\":\"https:\\\/\\\/restaurantcocci.fr\\\/reservation\\\/\",\"name\":\"COCCI | R\u00e9servation\",\"isPartOf\":{\"@id\":\"https:\\\/\\\/restaurantcocci.fr\\\/#website\"},\"primaryImageOfPage\":{\"@id\":\"https:\\\/\\\/restaurantcocci.fr\\\/reservation\\\/#primaryimage\"},\"image\":{\"@id\":\"https:\\\/\\\/restaurantcocci.fr\\\/reservation\\\/#primaryimage\"},\"thumbnailUrl\":\"https:\\\/\\\/restaurantcocci.fr\\\/wp-content\\\/uploads\\\/2025\\\/02\\\/logo-cocci-1024x1024.png\",\"datePublished\":\"2024-12-19T07:55:02+00:00\",\"dateModified\":\"2025-02-27T16:12:57+00:00\",\"description\":\"Le meilleur de l'Italie en plein centre ville de B\u00e9ziers sur la place Jean Jaur\u00e8s. Ouvert du mercredi soir au dimanche midi.\",\"breadcrumb\":{\"@id\":\"https:\\\/\\\/restaurantcocci.fr\\\/reservation\\\/#breadcrumb\"},\"inLanguage\":\"en-GB\",\"potentialAction\":[{\"@type\":\"ReadAction\",\"target\":[\"https:\\\/\\\/restaurantcocci.fr\\\/reservation\\\/\"]}]},{\"@type\":\"ImageObject\",\"inLanguage\":\"en-GB\",\"@id\":\"https:\\\/\\\/restaurantcocci.fr\\\/reservation\\\/#primaryimage\",\"url\":\"https:\\\/\\\/restaurantcocci.fr\\\/wp-content\\\/uploads\\\/2025\\\/02\\\/logo-cocci-1024x1024.png\",\"contentUrl\":\"https:\\\/\\\/restaurantcocci.fr\\\/wp-content\\\/uploads\\\/2025\\\/02\\\/logo-cocci-1024x1024.png\"},{\"@type\":\"BreadcrumbList\",\"@id\":\"https:\\\/\\\/restaurantcocci.fr\\\/reservation\\\/#breadcrumb\",\"itemListElement\":[{\"@type\":\"ListItem\",\"position\":1,\"name\":\"Accueil\",\"item\":\"https:\\\/\\\/restaurantcocci.fr\\\/\"},{\"@type\":\"ListItem\",\"position\":2,\"name\":\"R\u00e9servation\"}]},{\"@type\":\"WebSite\",\"@id\":\"https:\\\/\\\/restaurantcocci.fr\\\/#website\",\"url\":\"https:\\\/\\\/restaurantcocci.fr\\\/\",\"name\":\"COCCI\",\"description\":\"Le meilleur de l&#039;Italie \u00e0 B\u00e9ziers\",\"publisher\":{\"@id\":\"https:\\\/\\\/restaurantcocci.fr\\\/#organization\"},\"alternateName\":\"Cocci\",\"potentialAction\":[{\"@type\":\"SearchAction\",\"target\":{\"@type\":\"EntryPoint\",\"urlTemplate\":\"https:\\\/\\\/restaurantcocci.fr\\\/?s={search_term_string}\"},\"query-input\":{\"@type\":\"PropertyValueSpecification\",\"valueRequired\":true,\"valueName\":\"search_term_string\"}}],\"inLanguage\":\"en-GB\"},{\"@type\":\"Organization\",\"@id\":\"https:\\\/\\\/restaurantcocci.fr\\\/#organization\",\"name\":\"COCCI\",\"url\":\"https:\\\/\\\/restaurantcocci.fr\\\/\",\"logo\":{\"@type\":\"ImageObject\",\"inLanguage\":\"en-GB\",\"@id\":\"https:\\\/\\\/restaurantcocci.fr\\\/#\\\/schema\\\/logo\\\/image\\\/\",\"url\":\"https:\\\/\\\/restaurantcocci.fr\\\/wp-content\\\/uploads\\\/2024\\\/10\\\/logo-occci_avec-baseline.png\",\"contentUrl\":\"https:\\\/\\\/restaurantcocci.fr\\\/wp-content\\\/uploads\\\/2024\\\/10\\\/logo-occci_avec-baseline.png\",\"width\":1500,\"height\":794,\"caption\":\"COCCI\"},\"image\":{\"@id\":\"https:\\\/\\\/restaurantcocci.fr\\\/#\\\/schema\\\/logo\\\/image\\\/\"},\"sameAs\":[\"https:\\\/\\\/www.facebook.com\\\/profile.php?id=61565854948800\",\"https:\\\/\\\/www.instagram.com\\\/cocci_restaurant\\\/\"]}]}<\/script>\n<!-- \/ Yoast SEO plugin. -->","yoast_head_json":{"title":"COCCI | R\u00e9servation","description":"Le meilleur de l'Italie en plein centre ville de B\u00e9ziers sur la place Jean Jaur\u00e8s. Ouvert du mercredi soir au dimanche midi.","robots":{"index":"index","follow":"follow","max-snippet":"max-snippet:-1","max-image-preview":"max-image-preview:large","max-video-preview":"max-video-preview:-1"},"canonical":"https:\/\/restaurantcocci.fr\/en\/reservation\/","og_locale":"en_GB","og_type":"article","og_title":"COCCI | R\u00e9servation","og_description":"Le meilleur de l'Italie en plein centre ville de B\u00e9ziers sur la place Jean Jaur\u00e8s. Ouvert du mercredi soir au dimanche midi.","og_url":"https:\/\/restaurantcocci.fr\/en\/reservation\/","og_site_name":"COCCI","article_publisher":"https:\/\/www.facebook.com\/profile.php?id=61565854948800","article_modified_time":"2025-02-27T16:12:57+00:00","og_image":[{"url":"https:\/\/restaurantcocci.fr\/wp-content\/uploads\/2025\/02\/logo-cocci-1024x1024.png","type":"","width":"","height":""}],"twitter_card":"summary_large_image","twitter_misc":{"Estimated reading time":"1 minute"},"schema":{"@context":"https:\/\/schema.org","@graph":[{"@type":"WebPage","@id":"https:\/\/restaurantcocci.fr\/reservation\/","url":"https:\/\/restaurantcocci.fr\/reservation\/","name":"COCCI | R\u00e9servation","isPartOf":{"@id":"https:\/\/restaurantcocci.fr\/#website"},"primaryImageOfPage":{"@id":"https:\/\/restaurantcocci.fr\/reservation\/#primaryimage"},"image":{"@id":"https:\/\/restaurantcocci.fr\/reservation\/#primaryimage"},"thumbnailUrl":"https:\/\/restaurantcocci.fr\/wp-content\/uploads\/2025\/02\/logo-cocci-1024x1024.png","datePublished":"2024-12-19T07:55:02+00:00","dateModified":"2025-02-27T16:12:57+00:00","description":"Le meilleur de l'Italie en plein centre ville de B\u00e9ziers sur la place Jean Jaur\u00e8s. Ouvert du mercredi soir au dimanche midi.","breadcrumb":{"@id":"https:\/\/restaurantcocci.fr\/reservation\/#breadcrumb"},"inLanguage":"en-GB","potentialAction":[{"@type":"ReadAction","target":["https:\/\/restaurantcocci.fr\/reservation\/"]}]},{"@type":"ImageObject","inLanguage":"en-GB","@id":"https:\/\/restaurantcocci.fr\/reservation\/#primaryimage","url":"https:\/\/restaurantcocci.fr\/wp-content\/uploads\/2025\/02\/logo-cocci-1024x1024.png","contentUrl":"https:\/\/restaurantcocci.fr\/wp-content\/uploads\/2025\/02\/logo-cocci-1024x1024.png"},{"@type":"BreadcrumbList","@id":"https:\/\/restaurantcocci.fr\/reservation\/#breadcrumb","itemListElement":[{"@type":"ListItem","position":1,"name":"Accueil","item":"https:\/\/restaurantcocci.fr\/"},{"@type":"ListItem","position":2,"name":"R\u00e9servation"}]},{"@type":"WebSite","@id":"https:\/\/restaurantcocci.fr\/#website","url":"https:\/\/restaurantcocci.fr\/","name":"COCCI","description":"Le meilleur de l&#039;Italie \u00e0 B\u00e9ziers","publisher":{"@id":"https:\/\/restaurantcocci.fr\/#organization"},"alternateName":"Cocci","potentialAction":[{"@type":"SearchAction","target":{"@type":"EntryPoint","urlTemplate":"https:\/\/restaurantcocci.fr\/?s={search_term_string}"},"query-input":{"@type":"PropertyValueSpecification","valueRequired":true,"valueName":"search_term_string"}}],"inLanguage":"en-GB"},{"@type":"Organization","@id":"https:\/\/restaurantcocci.fr\/#organization","name":"COCCI","url":"https:\/\/restaurantcocci.fr\/","logo":{"@type":"ImageObject","inLanguage":"en-GB","@id":"https:\/\/restaurantcocci.fr\/#\/schema\/logo\/image\/","url":"https:\/\/restaurantcocci.fr\/wp-content\/uploads\/2024\/10\/logo-occci_avec-baseline.png","contentUrl":"https:\/\/restaurantcocci.fr\/wp-content\/uploads\/2024\/10\/logo-occci_avec-baseline.png","width":1500,"height":794,"caption":"COCCI"},"image":{"@id":"https:\/\/restaurantcocci.fr\/#\/schema\/logo\/image\/"},"sameAs":["https:\/\/www.facebook.com\/profile.php?id=61565854948800","https:\/\/www.instagram.com\/cocci_restaurant\/"]}]}},"_links":{"self":[{"href":"https:\/\/restaurantcocci.fr\/en\/wp-json\/wp\/v2\/pages\/170","targetHints":{"allow":["GET"]}}],"collection":[{"href":"https:\/\/restaurantcocci.fr\/en\/wp-json\/wp\/v2\/pages"}],"about":[{"href":"https:\/\/restaurantcocci.fr\/en\/wp-json\/wp\/v2\/types\/page"}],"author":[{"embeddable":true,"href":"https:\/\/restaurantcocci.fr\/en\/wp-json\/wp\/v2\/users\/1"}],"replies":[{"embeddable":true,"href":"https:\/\/restaurantcocci.fr\/en\/wp-json\/wp\/v2\/comments?post=170"}],"version-history":[{"count":25,"href":"https:\/\/restaurantcocci.fr\/en\/wp-json\/wp\/v2\/pages\/170\/revisions"}],"predecessor-version":[{"id":719,"href":"https:\/\/restaurantcocci.fr\/en\/wp-json\/wp\/v2\/pages\/170\/revisions\/719"}],"wp:attachment":[{"href":"https:\/\/restaurantcocci.fr\/en\/wp-json\/wp\/v2\/media?parent=170"}],"curies":[{"name":"wp","href":"https:\/\/api.w.org\/{rel}","templated":true}]}}